{"id":3664,"date":"2025-02-20T18:46:21","date_gmt":"2025-02-20T17:46:21","guid":{"rendered":"https:\/\/gratitud.alaxarxa.cat\/?page_id=3664"},"modified":"2025-05-19T13:21:20","modified_gmt":"2025-05-19T11:21:20","slug":"que-hacemos-aqui-tejiendo-comunidad","status":"publish","type":"page","link":"https:\/\/gratitud.alaxarxa.cat\/es\/que-hacemos-aqui-tejiendo-comunidad\/","title":{"rendered":"Qu\u00e9 hacemos aqu\u00ed. Tejiendo comunidad"},"content":{"rendered":"<div class=\"gb-container gb-container-788406b1\">\n<div class=\"gb-container gb-container-673c5126\">\n\n<div class=\"wp-block-columns is-layout-flex wp-container-core-columns-is-layout-9d6595d7 wp-block-columns-is-layout-flex\">\n<div class=\"wp-block-column is-layout-flow wp-block-column-is-layout-flow\">\n<h2 class=\"wp-block-heading\">Agradecer, un gesto \u00edntimo que podemos compartir<\/h2>\n\n\n\n<p>El agradecimiento es el m\u00e1s elevado de los sentimientos, el m\u00e1s curativo de todos ellos. Y compartir, la actividad humana m\u00e1s gratificante. Lo intuimos, los sabios nos lo dicen desde hace siglos y las pruebas de laboratorio lo confirman, cada vez con m\u00e1s rotundidad.<\/p>\n\n\n\n<p>La historia de mis textos agradecidos se inicia en las redes sociales. Y de redes va la propuesta. De crear red de complicidades, de apoyo, de recordarnos \u2014a nosotras mismas y entre nosotras\u2014 que tenemos mucho que agradecer. Sin negar aquello que nos duele, aquello que nos espanta, aquello que nos preocupa, nos invitamos a detenernos un instante y preguntarnos qu\u00e9 podemos encontrar para agradecer. Y, cuando se desarrolla la pr\u00e1ctica, el m\u00fasculo de la gratitud, os aseguro que no hacerlo cuesta mucho.<\/p>\n\n\n\n<p>He observado, adem\u00e1s, que cuanto m\u00e1s concretas somos, m\u00e1s potente es la experiencia. Aquello de <em>Lo agradezco todo<\/em> nunca tendr\u00e1 la fuerza de, pongamos por caso, <em>Agradezco la lej\u00eda: me permite tener la casa limpia, y su olor me recuerda a cuando era peque\u00f1a y mi abuela fregaba el suelo mientras tarareaba una canci\u00f3n<\/em>. La persona ha conectado con algo muy aut\u00e9ntico, importante para ella. Cuando lo comparte, quien lee siente esta verdad y puede conectar con su propia verdad. Incluso si no lo expresa con palabras, la vibraci\u00f3n de la verdad llega a quien lo recibe.<\/p>\n\n\n\n<p><\/p>\n<\/div>\n\n\n\n<div class=\"wp-block-column is-vertically-aligned-top is-layout-flow wp-block-column-is-layout-flow\">\n<figure class=\"wp-block-image size-full\"><img loading=\"lazy\" decoding=\"async\" width=\"427\" height=\"640\" src=\"https:\/\/gratitud.alaxarxa.cat\/gratitud\/wp-content\/uploads\/2025\/04\/flowers-3209128_640.jpg\" alt=\"\" class=\"wp-image-9620\" srcset=\"https:\/\/gratitud.alaxarxa.cat\/gratitud\/wp-content\/uploads\/2025\/04\/flowers-3209128_640.jpg 427w, https:\/\/gratitud.alaxarxa.cat\/gratitud\/wp-content\/uploads\/2025\/04\/flowers-3209128_640-200x300.jpg 200w\" sizes=\"auto, (max-width: 427px) 100vw, 427px\" \/><\/figure>\n\n\n\n<div style=\"height:36px\" aria-hidden=\"true\" class=\"wp-block-spacer\"><\/div>\n<\/div>\n<\/div>\n\n<\/div>\n<\/div>\n\n<div class=\"gb-container gb-container-4efe3c5a\"><\/div>\n\n<div class=\"gb-container gb-container-7877b58f\">\n<div class=\"gb-container gb-container-aad35ead\">\n\n<div class=\"wp-block-columns is-layout-flex wp-container-core-columns-is-layout-9d6595d7 wp-block-columns-is-layout-flex\">\n<div class=\"wp-block-column is-vertically-aligned-top is-layout-flow wp-block-column-is-layout-flow\">\n<figure class=\"wp-block-image size-large autor-discret\"><img loading=\"lazy\" decoding=\"async\" width=\"683\" height=\"1024\" src=\"https:\/\/gratitud.alaxarxa.cat\/gratitud\/wp-content\/uploads\/2025\/04\/globus-aire-calent-2-683x1024.jpg\" alt=\"\" class=\"wp-image-9630\" srcset=\"https:\/\/gratitud.alaxarxa.cat\/gratitud\/wp-content\/uploads\/2025\/04\/globus-aire-calent-2-683x1024.jpg 683w, https:\/\/gratitud.alaxarxa.cat\/gratitud\/wp-content\/uploads\/2025\/04\/globus-aire-calent-2-200x300.jpg 200w, https:\/\/gratitud.alaxarxa.cat\/gratitud\/wp-content\/uploads\/2025\/04\/globus-aire-calent-2-768x1152.jpg 768w, https:\/\/gratitud.alaxarxa.cat\/gratitud\/wp-content\/uploads\/2025\/04\/globus-aire-calent-2-1024x1536.jpg 1024w, https:\/\/gratitud.alaxarxa.cat\/gratitud\/wp-content\/uploads\/2025\/04\/globus-aire-calent-2.jpg 1280w\" sizes=\"auto, (max-width: 683px) 100vw, 683px\" \/><figcaption class=\"wp-element-caption\">@Mike Northcott &#8211; pexels<\/figcaption><\/figure>\n\n\n\n<div style=\"height:36px\" aria-hidden=\"true\" class=\"wp-block-spacer\"><\/div>\n<\/div>\n\n\n\n<div class=\"wp-block-column is-layout-flow wp-block-column-is-layout-flow\">\n<h2 class=\"wp-block-heading\"><strong>Comparte aqu\u00ed t<\/strong>u<strong> gratitud<\/strong><\/h2>\n\n\n\n<p>A menudo, por falta de costumbre y\/o porque la vida nos lo puede estar poniendo dif\u00edcil, esta b\u00fasqueda del motivo para sentirnos agradecidas puede resultar ardua. Aqu\u00ed, como en tantas, tantas cosas, la comunidad juega un papel fundamental: lo que t\u00fa ahora ves ayuda, inspira a otra persona. Lo he constatado much\u00edsimas veces.<\/p>\n\n\n\n<p>Por eso os propongo que, como empec\u00e9 a hacer yo, compart\u00e1is con las dem\u00e1s aquello que la gratitud lleve a vuestros corazones. Sea un dibujo, una foto, una palabra o diversas unidas en un texto, sea\u2026 hac\u00e9dmelo llegar a esta direcci\u00f3n electr\u00f3nica: <a href=\"mailto:nuestrosagradecimientos@gmail.com\">nuestrosagradecimientos@gmail.com<\/a>. Si me dais permiso y me indic\u00e1is c\u00f3mo quer\u00e9is que se publique, lo incluir\u00e9 en l\u2019apartat, donde podremos conjuntamente sembrar semillas de reconocimiento, tejer una red en que nosotras y cualquiera que lo desee o lo necesite podamos nutrirnos con la alta energ\u00eda que implica este gesto tan simple y tan profundo de dar las gracias.<\/p>\n<\/div>\n<\/div>\n\n<\/div>\n<\/div>","protected":false},"excerpt":{"rendered":"<p> &#8230; <a title=\"Qu\u00e9 hacemos aqu\u00ed. Tejiendo comunidad\" class=\"read-more\" href=\"https:\/\/gratitud.alaxarxa.cat\/es\/que-hacemos-aqui-tejiendo-comunidad\/\" aria-label=\"Leer m\u00e1s sobre Qu\u00e9 hacemos aqu\u00ed. Tejiendo comunidad\">Continua llegint<\/a><\/p>\n","protected":false},"author":2,"featured_media":0,"parent":0,"menu_order":0,"comment_status":"closed","ping_status":"closed","template":"","meta":{"inline_featured_image":false,"footnotes":""},"class_list":["post-3664","page","type-page","status-publish"],"yoast_head":"<!-- This site is optimized with the Yoast SEO plugin v25.3 - https:\/\/yoast.com\/wordpress\/plugins\/seo\/ -->\n<title>Qu\u00e9 hacemos aqu\u00ed. Tejiendo comunidad - Gratitud<\/title>\n<meta name=\"description\" content=\"Tejemos comunidad, red, compartimos mensajes de agradecimiento, gratitud, reconocimiento mutuo, sembramos beneficios emocionales.\" \/>\n<meta name=\"robots\" content=\"index, follow, max-snippet:-1, max-image-preview:large, max-video-preview:-1\" \/>\n<link rel=\"canonical\" href=\"https:\/\/gratitud.alaxarxa.cat\/es\/que-hacemos-aqui-tejiendo-comunidad\/\" \/>\n<meta property=\"og:locale\" content=\"es_ES\" \/>\n<meta property=\"og:type\" content=\"article\" \/>\n<meta property=\"og:title\" content=\"Qu\u00e9 hacemos aqu\u00ed. Tejiendo comunidad - Gratitud\" \/>\n<meta property=\"og:description\" content=\"Tejemos comunidad, red, compartimos mensajes de agradecimiento, gratitud, reconocimiento mutuo, sembramos beneficios emocionales.\" \/>\n<meta property=\"og:url\" content=\"https:\/\/gratitud.alaxarxa.cat\/es\/que-hacemos-aqui-tejiendo-comunidad\/\" \/>\n<meta property=\"og:site_name\" content=\"Gratitud\" \/>\n<meta property=\"article:modified_time\" content=\"2025-05-19T11:21:20+00:00\" \/>\n<meta property=\"og:image\" content=\"https:\/\/gratitud.alaxarxa.cat\/gratitud\/wp-content\/uploads\/2025\/04\/flowers-3209128_640.jpg\" \/>\n\t<meta property=\"og:image:width\" content=\"427\" \/>\n\t<meta property=\"og:image:height\" content=\"640\" \/>\n\t<meta property=\"og:image:type\" content=\"image\/jpeg\" \/>\n<meta name=\"twitter:card\" content=\"summary_large_image\" \/>\n<meta name=\"twitter:label1\" content=\"Tiempo de lectura\" \/>\n\t<meta name=\"twitter:data1\" content=\"3 minutos\" \/>\n<script type=\"application\/ld+json\" class=\"yoast-schema-graph\">{\"@context\":\"https:\/\/schema.org\",\"@graph\":[{\"@type\":\"WebPage\",\"@id\":\"https:\/\/gratitud.alaxarxa.cat\/es\/que-hacemos-aqui-tejiendo-comunidad\/\",\"url\":\"https:\/\/gratitud.alaxarxa.cat\/es\/que-hacemos-aqui-tejiendo-comunidad\/\",\"name\":\"Qu\u00e9 hacemos aqu\u00ed. Tejiendo comunidad - Gratitud\",\"isPartOf\":{\"@id\":\"https:\/\/gratitud.alaxarxa.cat\/#website\"},\"primaryImageOfPage\":{\"@id\":\"https:\/\/gratitud.alaxarxa.cat\/es\/que-hacemos-aqui-tejiendo-comunidad\/#primaryimage\"},\"image\":{\"@id\":\"https:\/\/gratitud.alaxarxa.cat\/es\/que-hacemos-aqui-tejiendo-comunidad\/#primaryimage\"},\"thumbnailUrl\":\"https:\/\/gratitud.alaxarxa.cat\/gratitud\/wp-content\/uploads\/2025\/04\/flowers-3209128_640.jpg\",\"datePublished\":\"2025-02-20T17:46:21+00:00\",\"dateModified\":\"2025-05-19T11:21:20+00:00\",\"description\":\"Tejemos comunidad, red, compartimos mensajes de agradecimiento, gratitud, reconocimiento mutuo, sembramos beneficios emocionales.\",\"breadcrumb\":{\"@id\":\"https:\/\/gratitud.alaxarxa.cat\/es\/que-hacemos-aqui-tejiendo-comunidad\/#breadcrumb\"},\"inLanguage\":\"es\",\"potentialAction\":[{\"@type\":\"ReadAction\",\"target\":[\"https:\/\/gratitud.alaxarxa.cat\/es\/que-hacemos-aqui-tejiendo-comunidad\/\"]}]},{\"@type\":\"ImageObject\",\"inLanguage\":\"es\",\"@id\":\"https:\/\/gratitud.alaxarxa.cat\/es\/que-hacemos-aqui-tejiendo-comunidad\/#primaryimage\",\"url\":\"https:\/\/gratitud.alaxarxa.cat\/gratitud\/wp-content\/uploads\/2025\/04\/flowers-3209128_640.jpg\",\"contentUrl\":\"https:\/\/gratitud.alaxarxa.cat\/gratitud\/wp-content\/uploads\/2025\/04\/flowers-3209128_640.jpg\"},{\"@type\":\"BreadcrumbList\",\"@id\":\"https:\/\/gratitud.alaxarxa.cat\/es\/que-hacemos-aqui-tejiendo-comunidad\/#breadcrumb\",\"itemListElement\":[{\"@type\":\"ListItem\",\"position\":1,\"name\":\"Inici\",\"item\":\"https:\/\/gratitud.alaxarxa.cat\/es\/\"},{\"@type\":\"ListItem\",\"position\":2,\"name\":\"Qu\u00e9 hacemos aqu\u00ed. Tejiendo comunidad\"}]},{\"@type\":\"WebSite\",\"@id\":\"https:\/\/gratitud.alaxarxa.cat\/#website\",\"url\":\"https:\/\/gratitud.alaxarxa.cat\/\",\"name\":\"Gratitud\",\"description\":\"L&#039;arrel de tot b\u00e9 creix a la terra de la gratitud\",\"publisher\":{\"@id\":\"https:\/\/gratitud.alaxarxa.cat\/#\/schema\/person\/22bace7c5fdfc364e5305fdc726a062a\"},\"potentialAction\":[{\"@type\":\"SearchAction\",\"target\":{\"@type\":\"EntryPoint\",\"urlTemplate\":\"https:\/\/gratitud.alaxarxa.cat\/?s={search_term_string}\"},\"query-input\":{\"@type\":\"PropertyValueSpecification\",\"valueRequired\":true,\"valueName\":\"search_term_string\"}}],\"inLanguage\":\"es\"},{\"@type\":[\"Person\",\"Organization\"],\"@id\":\"https:\/\/gratitud.alaxarxa.cat\/#\/schema\/person\/22bace7c5fdfc364e5305fdc726a062a\",\"name\":\"Imma Zapata\",\"image\":{\"@type\":\"ImageObject\",\"inLanguage\":\"es\",\"@id\":\"https:\/\/gratitud.alaxarxa.cat\/#\/schema\/person\/image\/\",\"url\":\"https:\/\/gratitud.alaxarxa.cat\/gratitud\/wp-content\/uploads\/2025\/03\/logo-gratitud-final.svg\",\"contentUrl\":\"https:\/\/gratitud.alaxarxa.cat\/gratitud\/wp-content\/uploads\/2025\/03\/logo-gratitud-final.svg\",\"width\":\"1024\",\"height\":\"1024\",\"caption\":\"Imma Zapata\"},\"logo\":{\"@id\":\"https:\/\/gratitud.alaxarxa.cat\/#\/schema\/person\/image\/\"}}]}<\/script>\n<!-- \/ Yoast SEO plugin. -->","yoast_head_json":{"title":"Qu\u00e9 hacemos aqu\u00ed. Tejiendo comunidad - Gratitud","description":"Tejemos comunidad, red, compartimos mensajes de agradecimiento, gratitud, reconocimiento mutuo, sembramos beneficios emocionales.","robots":{"index":"index","follow":"follow","max-snippet":"max-snippet:-1","max-image-preview":"max-image-preview:large","max-video-preview":"max-video-preview:-1"},"canonical":"https:\/\/gratitud.alaxarxa.cat\/es\/que-hacemos-aqui-tejiendo-comunidad\/","og_locale":"es_ES","og_type":"article","og_title":"Qu\u00e9 hacemos aqu\u00ed. Tejiendo comunidad - Gratitud","og_description":"Tejemos comunidad, red, compartimos mensajes de agradecimiento, gratitud, reconocimiento mutuo, sembramos beneficios emocionales.","og_url":"https:\/\/gratitud.alaxarxa.cat\/es\/que-hacemos-aqui-tejiendo-comunidad\/","og_site_name":"Gratitud","article_modified_time":"2025-05-19T11:21:20+00:00","og_image":[{"width":427,"height":640,"url":"https:\/\/gratitud.alaxarxa.cat\/gratitud\/wp-content\/uploads\/2025\/04\/flowers-3209128_640.jpg","type":"image\/jpeg"}],"twitter_card":"summary_large_image","twitter_misc":{"Tiempo de lectura":"3 minutos"},"schema":{"@context":"https:\/\/schema.org","@graph":[{"@type":"WebPage","@id":"https:\/\/gratitud.alaxarxa.cat\/es\/que-hacemos-aqui-tejiendo-comunidad\/","url":"https:\/\/gratitud.alaxarxa.cat\/es\/que-hacemos-aqui-tejiendo-comunidad\/","name":"Qu\u00e9 hacemos aqu\u00ed. Tejiendo comunidad - Gratitud","isPartOf":{"@id":"https:\/\/gratitud.alaxarxa.cat\/#website"},"primaryImageOfPage":{"@id":"https:\/\/gratitud.alaxarxa.cat\/es\/que-hacemos-aqui-tejiendo-comunidad\/#primaryimage"},"image":{"@id":"https:\/\/gratitud.alaxarxa.cat\/es\/que-hacemos-aqui-tejiendo-comunidad\/#primaryimage"},"thumbnailUrl":"https:\/\/gratitud.alaxarxa.cat\/gratitud\/wp-content\/uploads\/2025\/04\/flowers-3209128_640.jpg","datePublished":"2025-02-20T17:46:21+00:00","dateModified":"2025-05-19T11:21:20+00:00","description":"Tejemos comunidad, red, compartimos mensajes de agradecimiento, gratitud, reconocimiento mutuo, sembramos beneficios emocionales.","breadcrumb":{"@id":"https:\/\/gratitud.alaxarxa.cat\/es\/que-hacemos-aqui-tejiendo-comunidad\/#breadcrumb"},"inLanguage":"es","potentialAction":[{"@type":"ReadAction","target":["https:\/\/gratitud.alaxarxa.cat\/es\/que-hacemos-aqui-tejiendo-comunidad\/"]}]},{"@type":"ImageObject","inLanguage":"es","@id":"https:\/\/gratitud.alaxarxa.cat\/es\/que-hacemos-aqui-tejiendo-comunidad\/#primaryimage","url":"https:\/\/gratitud.alaxarxa.cat\/gratitud\/wp-content\/uploads\/2025\/04\/flowers-3209128_640.jpg","contentUrl":"https:\/\/gratitud.alaxarxa.cat\/gratitud\/wp-content\/uploads\/2025\/04\/flowers-3209128_640.jpg"},{"@type":"BreadcrumbList","@id":"https:\/\/gratitud.alaxarxa.cat\/es\/que-hacemos-aqui-tejiendo-comunidad\/#breadcrumb","itemListElement":[{"@type":"ListItem","position":1,"name":"Inici","item":"https:\/\/gratitud.alaxarxa.cat\/es\/"},{"@type":"ListItem","position":2,"name":"Qu\u00e9 hacemos aqu\u00ed. Tejiendo comunidad"}]},{"@type":"WebSite","@id":"https:\/\/gratitud.alaxarxa.cat\/#website","url":"https:\/\/gratitud.alaxarxa.cat\/","name":"Gratitud","description":"L&#039;arrel de tot b\u00e9 creix a la terra de la gratitud","publisher":{"@id":"https:\/\/gratitud.alaxarxa.cat\/#\/schema\/person\/22bace7c5fdfc364e5305fdc726a062a"},"potentialAction":[{"@type":"SearchAction","target":{"@type":"EntryPoint","urlTemplate":"https:\/\/gratitud.alaxarxa.cat\/?s={search_term_string}"},"query-input":{"@type":"PropertyValueSpecification","valueRequired":true,"valueName":"search_term_string"}}],"inLanguage":"es"},{"@type":["Person","Organization"],"@id":"https:\/\/gratitud.alaxarxa.cat\/#\/schema\/person\/22bace7c5fdfc364e5305fdc726a062a","name":"Imma Zapata","image":{"@type":"ImageObject","inLanguage":"es","@id":"https:\/\/gratitud.alaxarxa.cat\/#\/schema\/person\/image\/","url":"https:\/\/gratitud.alaxarxa.cat\/gratitud\/wp-content\/uploads\/2025\/03\/logo-gratitud-final.svg","contentUrl":"https:\/\/gratitud.alaxarxa.cat\/gratitud\/wp-content\/uploads\/2025\/03\/logo-gratitud-final.svg","width":"1024","height":"1024","caption":"Imma Zapata"},"logo":{"@id":"https:\/\/gratitud.alaxarxa.cat\/#\/schema\/person\/image\/"}}]}},"_links":{"self":[{"href":"https:\/\/gratitud.alaxarxa.cat\/es\/wp-json\/wp\/v2\/pages\/3664","targetHints":{"allow":["GET"]}}],"collection":[{"href":"https:\/\/gratitud.alaxarxa.cat\/es\/wp-json\/wp\/v2\/pages"}],"about":[{"href":"https:\/\/gratitud.alaxarxa.cat\/es\/wp-json\/wp\/v2\/types\/page"}],"author":[{"embeddable":true,"href":"https:\/\/gratitud.alaxarxa.cat\/es\/wp-json\/wp\/v2\/users\/2"}],"replies":[{"embeddable":true,"href":"https:\/\/gratitud.alaxarxa.cat\/es\/wp-json\/wp\/v2\/comments?post=3664"}],"version-history":[{"count":13,"href":"https:\/\/gratitud.alaxarxa.cat\/es\/wp-json\/wp\/v2\/pages\/3664\/revisions"}],"predecessor-version":[{"id":9684,"href":"https:\/\/gratitud.alaxarxa.cat\/es\/wp-json\/wp\/v2\/pages\/3664\/revisions\/9684"}],"wp:attachment":[{"href":"https:\/\/gratitud.alaxarxa.cat\/es\/wp-json\/wp\/v2\/media?parent=3664"}],"curies":[{"name":"wp","href":"https:\/\/api.w.org\/{rel}","templated":true}]}}